{"id":3,"date":"2024-05-28T13:12:03","date_gmt":"2024-05-28T13:12:03","guid":{"rendered":"https:\/\/ilkeryazici.com\/?page_id=3"},"modified":"2024-05-31T15:49:54","modified_gmt":"2024-05-31T15:49:54","slug":"gizlilik-politikasi","status":"publish","type":"page","link":"https:\/\/ilkeryazici.com\/en\/gizlilik-politikasi\/","title":{"rendered":"Privacy Policy"},"content":{"rendered":"<div class=\"content-header content-header-left\">\r\n<div class=\"content-header-inner wrap\">\r\n<div class=\"page-title-wrap\">\r\n<div class=\"page-title\">\r\n<h1 class=\"page-title-inner wp-block-heading\">Privacy Policy<\/h1>\r\n<\/div>\r\n<\/div>\r\n<\/div>\r\n<\/div>\r\n<div id=\"content-body\" class=\"content-body\">\r\n<div class=\"content-body-inner wrap\"><main id=\"main-content\" class=\"main-content\">\r\n<div class=\"content\" role=\"main\">\r\n<p>Site\u2019nin kullan\u0131m\u0131 s\u0131ras\u0131nda girdi\u011finiz veya herhangi bir \u015fekilde sa\u011flad\u0131\u011f\u0131n\u0131z, ad-soyad, posta adresi, e-posta adresi gibi bilgileriniz veya teslim yap\u0131lacak ki\u015finin adresi, ad\u0131-soyad\u0131 gibi \u00fc\u00e7\u00fcnc\u00fc ki\u015fi bilgileri, kredi kart\u0131 bilgileri hari\u00e7 olmak \u00fczere saklanmaktad\u0131r. Site\u2019nin kullan\u0131m\u0131 s\u0131ras\u0131nda girdi\u011finiz her t\u00fcr bilgiye sadece taraf\u0131n\u0131zca ula\u015f\u0131labilmekte ve bu bilgiler taraf\u0131n\u0131zca de\u011fi\u015ftirilebilmektedir.<\/p>\r\n<p>Kullan\u0131c\u0131, Site\u2019nin kullan\u0131m\u0131 esnas\u0131nda sa\u011flam\u0131\u015f oldu\u011fu ve\u00a0<strong>Prof. Dr. \u0130lker Yaz\u0131c\u0131<\/strong>\u00a0nezdinde tutulan ki\u015fisel bilgilerinin (isim, soyad\u0131, unvan, adres, telefon, faks, e- posta vb.),\u00a0<strong>Prof. Dr. \u0130lker Yaz\u0131c\u0131<\/strong>\u00a0taraf\u0131ndan, hizmet ve \u00fcr\u00fcnlerin pazarlanmas\u0131 amac\u0131yla temsilcileri vas\u0131tas\u0131 ile gerek e-posta, telefon, faks veya SMS yoluyla gerekse de posta yoluyla Kullan\u0131c\u0131 ile irtibat kurulmas\u0131, hizmet ve \u00fcr\u00fcnlerin tan\u0131t\u0131m\u0131, yeni \u00fcr\u00fcnler veya kullan\u0131c\u0131n\u0131n ilgisini \u00e7ekebilece\u011fi d\u00fc\u015f\u00fcn\u00fclen di\u011fer bilgiler hakk\u0131nda promosyon niteli\u011findeki e-postalar\u0131n g\u00f6nderilmesi ama\u00e7lar\u0131yla kullan\u0131labilece\u011fine muvafakat eder.<\/p>\r\n<p><strong>Prof. Dr. \u0130lker Yaz\u0131c\u0131<\/strong>, Kullan\u0131c\u0131\u2019dan hi\u00e7bir \u015fekilde, e-posta veya sms yoluyla kullan\u0131c\u0131 ad\u0131, kredi kart\u0131 bilgileri veya di\u011fer ki\u015fisel bilgilerini talep etmemekte olup, Kullan\u0131c\u0131,\u00a0<strong>Prof. Dr. \u0130lker Yaz\u0131c\u0131<\/strong>\u2019dan geldi\u011fi \u015feklinde yans\u0131t\u0131labilecek bu t\u00fcr iletilere cevap vermemelidir.<\/p>\r\n<p>\u0130\u015fbu \u015eartlar, Site\u2019nin Kullan\u0131c\u0131s\u0131 oldu\u011funuz s\u00fcrece ge\u00e7erli olacakt\u0131r. Ancak, bu \u015eartlar\u0131n fikri m\u00fclkiyete ili\u015fkin belirli h\u00fck\u00fcmleri, gizlili\u011fe ili\u015fkin h\u00fck\u00fcmleri Site\u2019nin Kullan\u0131c\u0131s\u0131 olmaktan \u00e7\u0131kman\u0131z durumunda dahi, Kullan\u0131c\u0131 s\u0131fat\u0131ndan ba\u011f\u0131ms\u0131z olarak y\u00fcr\u00fcrl\u00fckte olmaya devam edecektir.<\/p>\r\n<p>Kullan\u0131c\u0131lar ile Site\u2019ye giren, Site\u2019yi kullanan ki\u015fi ve kurulu\u015flar aras\u0131nda ortaya \u00e7\u0131kabilecek herhangi bir uyu\u015fmazl\u0131kta,\u00a0<strong>Prof. Dr. \u0130lker Yaz\u0131c\u0131<\/strong>\u2019n\u0131n elektronik kay\u0131tlar\u0131 delil olarak kabul edilecektir. Bu t\u00fcr uyu\u015fmazl\u0131klar\u0131n \u00e7\u00f6z\u00fcm\u00fcnde \u0130stanbul Mahkemeleri ve \u0130cra Daireleri yetkili olacak, uyu\u015fmazl\u0131k T\u00fcrkiye Cumhuriyet Kanunlar\u0131\u2019na g\u00f6re \u00e7\u00f6z\u00fclecektir.<\/p>\r\n<p>Site ile Site kapsam\u0131nda sunulan hizmetler ve bilgilere ili\u015fkin her t\u00fcr \u015fik\u00e2yet ve itirazlar\u0131n\u0131z\u0131 veya a\u015fa\u011f\u0131daki adrese iletebilece\u011finizi gibi,\u00a0<strong>info@ilkeryazici.com<\/strong>\u2019a ve\u00a0<strong>0533 719 77 36<\/strong>\u00a0numaral\u0131 Alo\u00a0<strong>Prof. Dr. \u0130lker Yaz\u0131c\u0131<\/strong>\u00a0klinik hatt\u0131na bildirebilirsiniz. Site\u2019de yer alan herhangi bir unsurun, \u0130\u015fbu \u015eartlar\u2019\u0131 ihlal etti\u011fi kanaatinde iseniz, \u0130\u015fbu \u015eartlar\u2019da belirtilen ileti\u015fim bilgileri \u00fczerinden bizimle ileti\u015fime ge\u00e7iniz. Herhangi bir zamanda g\u00fcnl\u00fck email g\u00f6nderim listemizden \u00e7\u0131kmak isterseniz, g\u00f6nderdi\u011fimiz email\u2019lerin alt k\u0131sm\u0131nda bulunan \u201c<strong>Prof. Dr. \u0130lker Yaz\u0131c\u0131<\/strong>\u2018dan e-posta almak istemiyorsan\u0131z buraya t\u0131klay\u0131n\u0131z\u201d linkine t\u0131klayarak e-b\u00fclten \u00fcyeli\u011finden tek t\u0131kla , kolayca \u00e7\u0131kabilirsiniz.<\/p>\r\n<p><strong>Prof. Dr. \u0130lker Yaz\u0131c\u0131<\/strong><\/p>\r\n<p>Halaskargazi, Halaskargazi Cd. No: 38-66 Daire:134, 34371 \u015ei\u015fli\/\u0130stanbul<br \/>+9 0533 719 77 36<\/p>\r\n<\/div>\r\n<\/main><\/div>\r\n<\/div>\r\n\r\n<p>&nbsp;<\/p>","protected":false},"excerpt":{"rendered":"<p>Gizlilik Politikas\u0131 Site\u2019nin kullan\u0131m\u0131 s\u0131ras\u0131nda girdi\u011finiz veya herhangi bir \u015fekilde sa\u011flad\u0131\u011f\u0131n\u0131z, ad-soyad, posta adresi, e-posta adresi gibi bilgileriniz veya teslim yap\u0131lacak ki\u015finin adresi, ad\u0131-soyad\u0131 gibi \u00fc\u00e7\u00fcnc\u00fc ki\u015fi bilgileri, kredi kart\u0131 bilgileri hari\u00e7 olmak \u00fczere saklanmaktad\u0131r. Site\u2019nin kullan\u0131m\u0131 s\u0131ras\u0131nda girdi\u011finiz her t\u00fcr bilgiye sadece taraf\u0131n\u0131zca ula\u015f\u0131labilmekte ve bu bilgiler taraf\u0131n\u0131zca de\u011fi\u015ftirilebilmektedir. Kullan\u0131c\u0131, Site\u2019nin kullan\u0131m\u0131 esnas\u0131nda sa\u011flam\u0131\u015f&#8230;<\/p>","protected":false},"author":1,"featured_media":0,"parent":0,"menu_order":0,"comment_status":"closed","ping_status":"closed","template":"","meta":{"_acf_changed":false,"inline_featured_image":false,"footnotes":""},"class_list":["post-3","page","type-page","status-publish","hentry"],"acf":[],"_links":{"self":[{"href":"https:\/\/ilkeryazici.com\/en\/wp-json\/wp\/v2\/pages\/3","targetHints":{"allow":["GET"]}}],"collection":[{"href":"https:\/\/ilkeryazici.com\/en\/wp-json\/wp\/v2\/pages"}],"about":[{"href":"https:\/\/ilkeryazici.com\/en\/wp-json\/wp\/v2\/types\/page"}],"author":[{"embeddable":true,"href":"https:\/\/ilkeryazici.com\/en\/wp-json\/wp\/v2\/users\/1"}],"replies":[{"embeddable":true,"href":"https:\/\/ilkeryazici.com\/en\/wp-json\/wp\/v2\/comments?post=3"}],"version-history":[{"count":3,"href":"https:\/\/ilkeryazici.com\/en\/wp-json\/wp\/v2\/pages\/3\/revisions"}],"predecessor-version":[{"id":2420,"href":"https:\/\/ilkeryazici.com\/en\/wp-json\/wp\/v2\/pages\/3\/revisions\/2420"}],"wp:attachment":[{"href":"https:\/\/ilkeryazici.com\/en\/wp-json\/wp\/v2\/media?parent=3"}],"curies":[{"name":"wp","href":"https:\/\/api.w.org\/{rel}","templated":true}]}}