{"id":2423,"date":"2024-05-31T15:52:03","date_gmt":"2024-05-31T15:52:03","guid":{"rendered":"https:\/\/ilkeryazici.com\/?page_id=2423"},"modified":"2024-05-31T15:55:01","modified_gmt":"2024-05-31T15:55:01","slug":"kisisel-verilerin-korunmasi","status":"publish","type":"page","link":"https:\/\/ilkeryazici.com\/en\/kisisel-verilerin-korunmasi\/","title":{"rendered":"Personal Data Protection"},"content":{"rendered":"<div class=\"content-header content-header-left\">\n<div class=\"content-header-inner wrap\">\n<div class=\"page-title-wrap\">\n<div class=\"page-title\">\n<h1 class=\"page-title-inner\">Personal Data Protection<\/h1>\n<\/div>\n<\/div>\n<\/div>\n<\/div>\n<div id=\"content-body\" class=\"content-body\">\n<div class=\"content-body-inner wrap\"><main id=\"main-content\" class=\"main-content\"><\/p>\n<div class=\"content\" role=\"main\">\n<p><strong>AYDINLATMA METN\u0130<\/strong><\/p>\n<p><strong>TANIMLAR<\/strong><br \/><strong>KVKK :<\/strong>\u00a06698 say\u0131l\u0131 Ki\u015fisel Verilerin Korunmas\u0131 Kanunu<\/p>\n<p><strong>VER\u0130 SORUMLUSU :<\/strong>\u00a0<strong>Prof. Dr. \u0130lker Yaz\u0131c\u0131<\/strong>.<\/p>\n<p><strong>Ki\u015fisel Veriler :<\/strong>\u00a0Kimli\u011fi belirli veya belirlenebilir ger\u00e7ek ki\u015fiye\/\u00e7al\u0131\u015fana ili\u015fkin \u00f6zl\u00fck dosyas\u0131nda yer alanlar da dahil olmak \u00fczere kimlik, adres, telefon, mail, kimlik no, ehliyet no, pasaport no vs. her t\u00fcrl\u00fc bilgi.<\/p>\n<p><strong>\u00d6zel Nitelikli Ki\u015fisel Veriler :<\/strong>\u00a0Ki\u015finin \/\u00e7al\u0131\u015fan\u0131n \u0131rk\u0131, etnik k\u00f6keni, siyasi d\u00fc\u015f\u00fcncesi, felsefi inanc\u0131, dini, mezhebi veya di\u011fer inan\u00e7lar\u0131, k\u0131l\u0131k ve k\u0131yafeti, dernek, vak\u0131f ya da sendika \u00fcyeli\u011fi, sa\u011fl\u0131\u011f\u0131, cinsel hayat\u0131, ceza mahk\u00fbmiyeti ve g\u00fcvenlik tedbirleriyle ilgili verileri ile biyometrik ve genetik verileri vs. her t\u00fcrl\u00fc bilgi.<\/p>\n<p><strong>Personal Data Protection<\/strong><br \/>6698 say\u0131l\u0131 KVKK uyar\u0131nca, ger\u00e7ek bir ki\u015finin kimli\u011fini belirli ya da belirlenebilir bir hale getirmeye yarayan her t\u00fcrl\u00fc bilgi ki\u015fisel veri kapsam\u0131ndad\u0131r.\u00a0<strong>Prof. Dr. \u0130lker Yaz\u0131c\u0131<\/strong>\u00a0nezdindeki ki\u015fisel verileriniz a\u015fa\u011f\u0131da a\u00e7\u0131klanan i\u015flenme ama\u00e7lar\u0131, hukuki nedenleri, toplanma y\u00f6ntemleri, kimlere ve hangi ama\u00e7larla aktar\u0131labilece\u011fi ve gerek bunlara ba\u011fl\u0131 gerekse bunlardan ba\u011f\u0131ms\u0131z olarak KVKK kapsam\u0131nda size tan\u0131nan haklara ili\u015fkin olarak sizleri bilgilendirmek istiyoruz.<\/p>\n<p><strong>1. Ki\u015fisel verilerin toplanmas\u0131na ili\u015fkin y\u00f6ntemler<\/strong><br \/><strong>Prof. Dr. \u0130lker Yaz\u0131c\u0131<\/strong>\u2019 taraf\u0131ndan veri sorumlusu s\u0131fat\u0131 ile KVKK ve ilgili di\u011fer mevzuattan kaynaklanan yasal y\u00fck\u00fcml\u00fcl\u00fcklerimiz \u00e7er\u00e7evesinde; internet sitesi, mobil uygulamalar, santral, \u00e7a\u011fr\u0131 merkezi, g\u00fcvenlik\/dan\u0131\u015fma ofisleri kapsam\u0131ndaki ticari alanlar, sosyal medya mecralar\u0131, do\u011frudan veya yetkilendirilmi\u015f ileti\u015fim kanallar\u0131 ve fiziki kanallar gibi farkl\u0131 kanallarda icra edilen hizmet s\u00fcre\u00e7lerindeki y\u00f6ntemlerle; bu kanallar\u0131 kullanarak sizlere kaliteli hizmet sunmak ve bu \u00e7er\u00e7evede i\u015f ve ticari faaliyetlerimizi y\u00fcr\u00fctmek noktas\u0131nda uygulama imkan\u0131 bulan ilgili mevzuat, s\u00f6zle\u015fme, talep, ticari team\u00fcl ve d\u00fcr\u00fcstl\u00fck kurallar\u0131na dayal\u0131 olarak ortaya \u00e7\u0131kan ve icra edilen hukuki sebepler \u00e7er\u00e7evesinde a\u00e7\u0131k r\u0131zaya ba\u011fl\u0131 s\u00f6zl\u00fc, yaz\u0131l\u0131 ya da elektronik y\u00f6ntemlerle ki\u015fisel verileriniz, \u00f6zel nitelikli ki\u015fisel veriler de dahil olmak \u00fczere toplanmaktad\u0131r.<\/p>\n<p>Bu kapsamda ki\u015fisel verileriniz,\u00a0<strong>Prof. Dr. \u0130lker Yaz\u0131c\u0131<\/strong>\u00a0ad\u0131na veri i\u015fleyen ger\u00e7ek ya da t\u00fczel ki\u015filer taraf\u0131ndan, say\u0131lanlarla s\u0131n\u0131rl\u0131 olmamak \u00fczere, yaz\u0131l\u0131 veya elektronik olarak, a\u015fa\u011f\u0131da belirtilen y\u00f6ntemlerle toplanabilir. Elektronik ya da fiziki olarak doldurdu\u011funuz formlar,<\/p>\n<p>\u0130nternet sitelerimize \u00fcyelik veya giri\u015f s\u0131ras\u0131nda \u00fcye giri\u015fi yapman\u0131z\u0131 sa\u011flayan sosyal a\u011flar,<br \/>\u0130nternet sitelerimiz veya \u00fc\u00e7\u00fcnc\u00fc ki\u015filere ait internet sitelerinde yer alan, bizimle ileti\u015fime ge\u00e7mek \u00fczere doldurdu\u011funuz ileti\u015fim formlar\u0131,<br \/>Sizi tan\u0131mak i\u00e7in kullan\u0131lan \u00e7erezler (cookies), mobil uygulamalar\u0131m\u0131z,<br \/>\u015eirketimiz ile imzalam\u0131\u015f oldu\u011funuz muhtelif s\u00f6zle\u015fmeler ile \u015eirketimize g\u00f6ndermi\u015f oldu\u011funuz elektronik postalar, faks ve mektuplar ile resmi ya da \u00f6zel kurum veya kurulu\u015flarca g\u00f6nderilen tebligatlar, k\u0131ymetli evraka ili\u015fkin bildirim ve\/veya belgeler ile bu belirtilenler yerine ge\u00e7ebilecek t\u00fcrdeki t\u00fcm yaz\u0131l\u0131 ve g\u00f6rsel bildirimler,<br \/>\u015eirketimiz ad\u0131na veri i\u015fleyen yahut \u00fcyelik program\u0131 s\u00fcrecinin herhangi bir safhas\u0131nda \u015firketimize destek veren \u00fc\u00e7\u00fcnc\u00fc ki\u015fi firma(lar),<br \/>\u00c7al\u0131\u015fanlar\u0131m\u0131z, m\u00fc\u015fteri hizmetleri kanallar\u0131m\u0131z,<br \/>Yerel, ulusal ya da uluslararas\u0131 \u00f6l\u00e7ekte etkin olan sosyal medya kanallar\u0131, muhtelif arama motorlar\u0131 ( misal Google, Yandex ) vb sanal mecralar\u0131n kullan\u0131m\u0131,<br \/>\u00dcyelik s\u00f6zle\u015fmeleri ve sair di\u011fer t\u00fcm s\u00f6zle\u015fmeler, kampanyalar, ba\u015fvurular, formlar, teklifler,<br \/><strong>Prof. Dr. \u0130lker Yaz\u0131c\u0131<\/strong>\u00a0nezdindeki t\u00fcm fabrika ve \u015fubelerimizdeki veriler,<\/p>\n<p><strong>2. Ki\u015fisel verilerin i\u015flenmesi ve i\u015fleme ama\u00e7lar\u0131<\/strong><br \/><strong>Prof. Dr. \u0130lker Yaz\u0131c\u0131<\/strong>\u00a0olarak, veri sorumlusu s\u0131fat\u0131 ile santralimiz, yaz\u0131l\u0131 ileti\u015fim kanallar\u0131m\u0131z, sosyal medya sayfalar\u0131m\u0131z, mobil ileti\u015fim kanallar\u0131, g\u00fcvenlik\/dan\u0131\u015fma ofislerimize ait ileti\u015fim kanallar\u0131 ve\/veya bunlarla s\u0131n\u0131rl\u0131 olmamak \u00fczere her t\u00fcrl\u00fc kanallar arac\u0131l\u0131\u011f\u0131yla a\u00e7\u0131k r\u0131zan\u0131z ile elde etti\u011fimiz ki\u015fisel ve\/veya \u00f6zel nitelikli ki\u015fisel verileriniz tamamen veya k\u0131smen elde edilebilir, kaydedilebilir, saklanabilir, depolanabilir, de\u011fi\u015ftirilebilir, g\u00fcncellenebilir, periyodik olarak kontrol edilebilir, yeniden d\u00fczenlenebilir, s\u0131n\u0131fland\u0131r\u0131labilir, i\u015flendikleri ama\u00e7 i\u00e7in gerekli olan ya da ilgili kanunda \u00f6ng\u00f6r\u00fclen s\u00fcre kadar muhafaza edilebilir, kanuni ya da hizmete ba\u011fl\u0131 fiili gereklilikler halinde\u00a0<strong>Prof. Dr. \u0130lker Yaz\u0131c\u0131<\/strong>\u2019 n\u0131n birlikte \u00e7al\u0131\u015ft\u0131\u011f\u0131 \u00f6zel-t\u00fczel ki\u015filerle, grup \u015firketleri veya i\u015fbirli\u011fi yapt\u0131\u011f\u0131 \u015firketlerle yahut i\u015ftirak veya ba\u011fl\u0131 ortakl\u0131klar\u0131 ya da bilgi ve\/veya belge ibraz\u0131 hususunda kanunen y\u00fck\u00fcml\u00fc oldu\u011fu kamu kurum ve kurulu\u015flar\u0131yla ve\/veya T\u00fcrkiye\u2019de veya yurt d\u0131\u015f\u0131nda mukim olan ilgili 3. ki\u015fi ger\u00e7ek ki\u015fi\/t\u00fczel ki\u015filerle payla\u015f\u0131labilir\/devredilebilir, kanuni ya da hizmete ba\u011fl\u0131 fiili gereklilikler halinde yurtd\u0131\u015f\u0131na aktar\u0131labilir.\u00a0<strong>Prof. Dr. \u0130lker Yaz\u0131c\u0131<\/strong>. m\u00fc\u015fterilerinin hizmetlerimizden faydalanabilmesi, onay\u0131n\u0131z halinde ticari ve pazarlama stratejilerimizi belirlemek, geli\u015ftirmek amac\u0131 ile kampanyalar\u0131m\u0131z hakk\u0131nda sizleri bilgilendirmek, \u00f6neri ve \u015fikayetlerinizi kay\u0131t alt\u0131na alabilmek, sizleri daha iyi tan\u0131yarak ihtiya\u00e7lar\u0131n\u0131z do\u011frultusunda hizmet vermek, sat\u0131\u015f, pazarlama, reklam ve tan\u0131t\u0131m faaliyetlerimizin y\u00fcr\u00fct\u00fclmesinde \u00f6nc\u00fcl\u00fck etmeniz, sat\u0131\u015f ve pazarlama faaliyetleri i\u00e7in yap\u0131lacak analizler ve profilleme \u00e7al\u0131\u015fmalar\u0131n\u0131 yapabilmemiz, sizlere daha iyi hizmet standartlar\u0131 olu\u015fturabilmek,\u00a0<strong>Prof. Dr. \u0130lker Yaz\u0131c\u0131<\/strong>\u00a0ticari ve i\u015f stratejilerinin belirlenmesi ve uygulanmas\u0131 gibi ama\u00e7larla ve her hal\u00fckarda 6698 say\u0131l\u0131 KVKK ve ilgili mevzuata uygun olarak ki\u015fisel verilerinizi i\u015fleyebilece\u011fimizi bilginize sunar\u0131z.<\/p>\n<p><strong>3. Ki\u015fisel Verilerin Aktar\u0131lmas\u0131<\/strong><br \/><strong>Prof. Dr. \u0130lker Yaz\u0131c\u0131<\/strong>, s\u00f6z konusu ki\u015fisel verilerinizi sadece; a\u00e7\u0131k r\u0131zan\u0131za istinaden veya 6698 say\u0131l\u0131 Kanun\u2019da ve ilgili mevzuatta belirtilen g\u00fcvenlik ve gizlilik esaslar\u0131 \u00e7er\u00e7evesinde yeterli \u00f6nlemler al\u0131nmak kayd\u0131yla yurt i\u00e7inde ve gerekli g\u00fcvenlik \u00f6nlemlerinin al\u0131nmas\u0131 kayd\u0131yla yurt d\u0131\u015f\u0131nda, \u015firket faaliyetlerinin y\u00fcr\u00fct\u00fclmesi, veri sahipleri ile m\u00fc\u015fterilerimiz aras\u0131ndaki i\u015f ili\u015fkisinin sa\u011flanmas\u0131 ve\/veya bu ama\u00e7la g\u00f6r\u00fc\u015fmeler yap\u0131lmas\u0131, hizmetler, f\u0131rsat ve olanaklar sunulmas\u0131 ve hizmet kalitesinin art\u0131r\u0131lmas\u0131 amac\u0131yla; grup \u015firketlerimiz, i\u015f ortaklar\u0131m\u0131z, i\u015ftiraklerimiz, ba\u011fl\u0131 ortakl\u0131klar\u0131m\u0131z, i\u015f ba\u011flant\u0131lar\u0131m\u0131z ve payda\u015flar\u0131m\u0131z dahilinde kulland\u0131\u011f\u0131m\u0131z bili\u015fim teknolojileri gere\u011fi, yurt i\u00e7inde ya da yurtd\u0131\u015f\u0131nda bulunan karasal ya da bulut yap\u0131l\u0131 fiziki veyahut sanal sunucular ve bu sunucu deste\u011fini veren firmalar ile fiziksel server ve\/veya bulut hizmeti ald\u0131\u011f\u0131m\u0131z yurt i\u00e7i\/yurt d\u0131\u015f\u0131 ki\u015fi ve kurumlar, \u015firketimiz ad\u0131na veri i\u015fleyen, m\u00fc\u015fteri memnuniyeti \u00f6l\u00e7\u00fcmleme ve profilleme deste\u011fi veren, sat\u0131\u015f ve pazarlama alan\u0131nda ki\u015fisel verilerin i\u015flenmesi gereken konularda destek veren firmalar, faaliyetlerimizin gere\u011fi anla\u015fmal\u0131 oldu\u011fumuz ve hizmet sundu\u011fumuz m\u00fc\u015fteriler, tedarik\u00e7iler, denetim \u015firketleri veya yasal bir zorunluluk gere\u011fi bu verileri talep etmeye yetkili olan di\u011fer kamu kurum veya kurulu\u015flar\u0131, bunlarla s\u0131n\u0131rl\u0131 olmamak \u00fczere ilgili di\u011fer otoriteler ile payla\u015fabilecektir.<\/p>\n<p><strong>4. Ki\u015fisel Veri Sahibinin KVK Kanunu\u2019nun (\u201cKanun\u201d) 11. maddesinde Say\u0131lan Haklar\u0131<\/strong><br \/><strong>Prof. Dr. \u0130lker Yaz\u0131c\u0131<\/strong>\u00a0ilgili ki\u015filerin a\u015fa\u011f\u0131daki taleplerine kar\u015f\u0131l\u0131k verecektir:<\/p>\n<p><strong>Prof. Dr. \u0130lker Yaz\u0131c\u0131<\/strong>\u2019 n\u0131n kendilerine ili\u015fkin ki\u015fisel verileri i\u015fleyip i\u015flemedi\u011fini ve hangi ki\u015fisel verileri i\u015fledi\u011fini \u00f6\u011frenme,<br \/>\u0130\u015fleme faaliyetinin ama\u00e7lar\u0131na ili\u015fkin bilgi alma,<br \/><strong>Prof. Dr. \u0130lker Yaz\u0131c\u0131<\/strong>\u2019 n\u0131n yurt i\u00e7inde veya yurt d\u0131\u015f\u0131nda ki\u015fisel verileri aktard\u0131\u011f\u0131 \u00fc\u00e7\u00fcnc\u00fc ki\u015fileri \u00f6\u011frenme,<br \/>Ki\u015fisel verilerin eksik veya yanl\u0131\u015f i\u015flenmi\u015f olmas\u0131 h\u00e2linde bunlar\u0131n d\u00fczeltilmesini isteme,<br \/>Kanun\u2019a uygun olarak ki\u015fisel verilerin silinmesini veya yok edilmesini isteme,<br \/>Ki\u015fisel verilerin d\u00fczeltilmesi, silinmesi ya da yok edilmesi talebi halinde; yap\u0131lan i\u015flemlerin, ki\u015fisel verilerin aktar\u0131ld\u0131\u011f\u0131 \u00fc\u00e7\u00fcnc\u00fc ki\u015filere bildirilmesini isteme,<br \/>\u0130\u015flenen verilerin m\u00fcnhas\u0131ran otomatik sistemler vas\u0131tas\u0131yla analiz edilmesi suretiyle ki\u015finin kendisi aleyhine bir sonucun ortaya \u00e7\u0131kmas\u0131na itiraz etme ve Ki\u015fisel verilerinin birer kopyas\u0131n\u0131 edinme.<\/p>\n<p>G\u00f6r\u00fc\u015f ve sorular\u0131n\u0131zla ilgili bizimle ileti\u015fime ge\u00e7ebilirsiniz.<\/p>\n<p><strong>\u00dcnvan : Prof. Dr. \u0130lker Yaz\u0131c\u0131<\/strong><br \/><strong>E-mail adresi : info@ilkeryazici.com<\/strong><br \/><strong>Posta adresi : Halaskargazi, Halaskargazi Cd. No: 38-66 Daire:134, 34371 \u015ei\u015fli\/\u0130stanbul<\/strong><br \/><strong>Telefon : +9 0533 719 77 36<\/strong><\/p>\n<\/div>\n<p><\/main><\/div>\n<\/div>","protected":false},"excerpt":{"rendered":"<p>Ki\u015fisel Verilerin Korunmas\u0131 AYDINLATMA METN\u0130 TANIMLARKVKK :\u00a06698 say\u0131l\u0131 Ki\u015fisel Verilerin Korunmas\u0131 Kanunu VER\u0130 SORUMLUSU :\u00a0Prof. Dr. \u0130lker Yaz\u0131c\u0131. Ki\u015fisel Veriler :\u00a0Kimli\u011fi belirli veya belirlenebilir ger\u00e7ek ki\u015fiye\/\u00e7al\u0131\u015fana ili\u015fkin \u00f6zl\u00fck dosyas\u0131nda yer alanlar da dahil olmak \u00fczere kimlik, adres, telefon, mail, kimlik no, ehliyet no, pasaport no vs. her t\u00fcrl\u00fc bilgi. \u00d6zel Nitelikli Ki\u015fisel Veriler :\u00a0Ki\u015finin \/\u00e7al\u0131\u015fan\u0131n&#8230;<\/p>","protected":false},"author":1,"featured_media":0,"parent":0,"menu_order":0,"comment_status":"closed","ping_status":"closed","template":"","meta":{"_acf_changed":false,"inline_featured_image":false,"footnotes":""},"class_list":["post-2423","page","type-page","status-publish","hentry"],"acf":[],"_links":{"self":[{"href":"https:\/\/ilkeryazici.com\/en\/wp-json\/wp\/v2\/pages\/2423","targetHints":{"allow":["GET"]}}],"collection":[{"href":"https:\/\/ilkeryazici.com\/en\/wp-json\/wp\/v2\/pages"}],"about":[{"href":"https:\/\/ilkeryazici.com\/en\/wp-json\/wp\/v2\/types\/page"}],"author":[{"embeddable":true,"href":"https:\/\/ilkeryazici.com\/en\/wp-json\/wp\/v2\/users\/1"}],"replies":[{"embeddable":true,"href":"https:\/\/ilkeryazici.com\/en\/wp-json\/wp\/v2\/comments?post=2423"}],"version-history":[{"count":3,"href":"https:\/\/ilkeryazici.com\/en\/wp-json\/wp\/v2\/pages\/2423\/revisions"}],"predecessor-version":[{"id":2427,"href":"https:\/\/ilkeryazici.com\/en\/wp-json\/wp\/v2\/pages\/2423\/revisions\/2427"}],"wp:attachment":[{"href":"https:\/\/ilkeryazici.com\/en\/wp-json\/wp\/v2\/media?parent=2423"}],"curies":[{"name":"wp","href":"https:\/\/api.w.org\/{rel}","templated":true}]}}