{"id":2089,"date":"2024-05-30T13:43:20","date_gmt":"2024-05-30T13:43:20","guid":{"rendered":"https:\/\/ilkeryazici.com\/?page_id=2089"},"modified":"2025-06-27T14:57:37","modified_gmt":"2025-06-27T11:57:37","slug":"jinekomasti","status":"publish","type":"page","link":"https:\/\/ilkeryazici.com\/en\/meme-estetigi\/jinekomasti\/","title":{"rendered":"Gynecomastia"},"content":{"rendered":"<div data-elementor-type=\"wp-page\" data-elementor-id=\"2089\" class=\"elementor elementor-2089\">\n\t\t\t\t\t\t<div class=\"elementor-section elementor-top-section elementor-element elementor-element-6ad0452 elementor-section-boxed elementor-section-height-default elementor-section-height-default\" data-id=\"6ad0452\" data-element_type=\"section\" data-e-type=\"section\">\n\t\t\t\t\t\t<div class=\"elementor-container elementor-column-gap-custom\">\n\t\t\t\t\t<div class=\"elementor-column elementor-col-100 elementor-top-column elementor-element elementor-element-c4a93d2\" data-id=\"c4a93d2\" data-element_type=\"column\" data-e-type=\"column\">\n\t\t\t<div class=\"elementor-widget-wrap elementor-element-populated\">\n\t\t\t\t\t\t<section class=\"elementor-section elementor-inner-section elementor-element elementor-element-06069d5 elementor-section-boxed elementor-section-height-default elementor-section-height-default\" data-id=\"06069d5\" data-element_type=\"section\" data-e-type=\"section\">\n\t\t\t\t\t\t<div class=\"elementor-container elementor-column-gap-default\">\n\t\t\t\t\t<div class=\"elementor-column elementor-col-50 elementor-inner-column elementor-element elementor-element-6020ab4\" data-id=\"6020ab4\" data-element_type=\"column\" data-e-type=\"column\">\n\t\t\t<div class=\"elementor-widget-wrap elementor-element-populated\">\n\t\t\t\t\t\t<div class=\"elementor-element elementor-element-1c6cd5a elementor-widget elementor-widget-image\" data-id=\"1c6cd5a\" data-element_type=\"widget\" data-e-type=\"widget\" data-widget_type=\"image.default\">\n\t\t\t\t<div class=\"elementor-widget-container\">\n\t\t\t\t\t\t\t\t\t\t\t\t\t\t\t<img fetchpriority=\"high\" decoding=\"async\" width=\"900\" height=\"601\" src=\"https:\/\/ilkeryazici.com\/wp-content\/uploads\/2024\/08\/jinekomasti-yaptiran-erkek.jpg\" class=\"attachment-large size-large wp-image-2498\" alt=\"\" srcset=\"https:\/\/ilkeryazici.com\/wp-content\/uploads\/2024\/08\/jinekomasti-yaptiran-erkek.jpg 1000w, https:\/\/ilkeryazici.com\/wp-content\/uploads\/2024\/08\/jinekomasti-yaptiran-erkek-300x200.jpg 300w, https:\/\/ilkeryazici.com\/wp-content\/uploads\/2024\/08\/jinekomasti-yaptiran-erkek-768x513.jpg 768w\" sizes=\"(max-width: 900px) 100vw, 900px\" \/>\t\t\t\t\t\t\t\t\t\t\t\t\t\t\t<\/div>\n\t\t\t\t<\/div>\n\t\t\t\t\t<\/div>\n\t\t<\/div>\n\t\t\t\t<div class=\"elementor-column elementor-col-50 elementor-inner-column elementor-element elementor-element-9b460ff\" data-id=\"9b460ff\" data-element_type=\"column\" data-e-type=\"column\">\n\t\t\t<div class=\"elementor-widget-wrap elementor-element-populated\">\n\t\t\t\t\t\t<div class=\"elementor-element elementor-element-1a32e5c elementor-widget elementor-widget-namedical_basic_get_apps\" data-id=\"1a32e5c\" data-element_type=\"widget\" data-e-type=\"widget\" data-widget_type=\"namedical_basic_get_apps.default\">\n\t\t\t\t<div class=\"elementor-widget-container\">\n\t\t\t\t\t<div class=\"namep-get-apps\">\n\t\t\t\t\t\t\t\t<h5>Don't Get Stuck in the Waiting Room!<\/h5><h3 class=\"apps-title\">Register Online Before Arriving.<\/h3><p>We have up-to-date schedules, contact information and allow you to make appointments online.<\/p><div class=\"namep-btn-wrap\"><a href=\"\/en\/randevu-alin\/\"   class=\"namep-btn\"style=\" \">Appointment<\/a><a href=\"https:\/\/wa.me\/905334607736\" class=\"namep-link\" style=\" \" target=\"_blank\" rel=\"noopener\">Consult via Whatsapp<\/a><\/div><\/div>\t\t\t\t<\/div>\n\t\t\t\t<\/div>\n\t\t\t\t\t<\/div>\n\t\t<\/div>\n\t\t\t\t\t<\/div>\n\t\t<\/section>\n\t\t\t\t\t<\/div>\n\t\t<\/div>\n\t\t\t\t\t<\/div>\n\t\t<\/div>\n\t\t\t\t<section class=\"elementor-section elementor-top-section elementor-element elementor-element-4a9d918 elementor-section-boxed elementor-section-height-default elementor-section-height-default\" data-id=\"4a9d918\" data-element_type=\"section\" data-e-type=\"section\">\n\t\t\t\t\t\t<div class=\"elementor-container elementor-column-gap-default\">\n\t\t\t\t\t<div class=\"elementor-column elementor-col-16 elementor-top-column elementor-element elementor-element-7c58763\" data-id=\"7c58763\" data-element_type=\"column\" data-e-type=\"column\">\n\t\t\t<div class=\"elementor-widget-wrap\">\n\t\t\t\t\t\t\t<\/div>\n\t\t<\/div>\n\t\t\t\t<div class=\"elementor-column elementor-col-66 elementor-top-column elementor-element elementor-element-164bf24\" data-id=\"164bf24\" data-element_type=\"column\" data-e-type=\"column\">\n\t\t\t<div class=\"elementor-widget-wrap elementor-element-populated\">\n\t\t\t\t\t\t<div class=\"elementor-element elementor-element-89657d1 elementor-widget elementor-widget-text-editor\" data-id=\"89657d1\" data-element_type=\"widget\" data-e-type=\"widget\" data-widget_type=\"text-editor.default\">\n\t\t\t\t<div class=\"elementor-widget-container\">\n\t\t\t\t\t\t\t\t\t<h1>Gynecomastia<\/h1><h2 dir=\"ltr\">What is Gynecomastia?<\/h2><p dir=\"ltr\">Gynecomastia is the enlargement of breast tissue in men. This condition usually begins during puberty and often resolves on its own. However, in some cases, gynecomastia can also occur in adult men.<\/p><p dir=\"ltr\">Gynecomastia usually occurs due to hormonal changes or imbalances. An increase in oestrogen hormone levels or a decrease in testosterone hormone levels can cause breast tissue to grow. However, certain medications, alcohol consumption, certain diseases or genetic factors can also cause gynecomastia.<\/p><p dir=\"ltr\">Symptoms of gynecomastia include breast tissue enlargement, nipple sensitivity, nipple or breast tissue pain, and a feeling of firmness in the breasts. These symptoms can cause significant psychological stress in men.<\/p><p dir=\"ltr\">Gynecomastia usually resolves on its own, but may require treatment depending on the underlying cause. Treatment may involve identifying and treating the underlying cause. While causes such as hormonal imbalances or medication side effects can be treated, gynecomastia surgery may also be an option. This surgical procedure involves reducing or removing breast tissue.<\/p><h2 dir=\"ltr\">How is Gynecomastia Performed?<\/h2><p dir=\"ltr\">Gynecomastia is defined as the enlargement of breast tissue in men, not a surgical procedure. However, surgical intervention may be necessary in the treatment of gynecomastia. Gynecomastia surgery is a procedure that involves removing or reducing excess breast tissue in men.<\/p><p dir=\"ltr\">Gynecomastia surgery can be performed under general anaesthesia or local anaesthesia. During surgery, the doctor makes an incision to remove or reduce breast tissue. Removal of breast tissue can be performed in small areas, such as the tissue around the nipple or the tissue between the nipple and the breast tissue.<\/p><p dir=\"ltr\">Breast tissue reduction can be performed using liposuction or ultrasonic liposuction methods. In these methods, the doctor uses a thin tube called a cannula to suck out the breast tissue.<\/p><p dir=\"ltr\">Gynecomastia surgery is generally a safe procedure, and patients usually recover within a few days. Post-surgery pain, swelling, and bruising may occur, and the recovery process may vary depending on the patient's age, health condition, and the extent of the procedure. After surgery, patients should generally avoid exercise for a few weeks and take the recommended medications regularly.<\/p>\t\t\t\t\t\t\t\t<\/div>\n\t\t\t\t<\/div>\n\t\t\t\t\t<\/div>\n\t\t<\/div>\n\t\t\t\t<div class=\"elementor-column elementor-col-16 elementor-top-column elementor-element elementor-element-90ec05f\" data-id=\"90ec05f\" data-element_type=\"column\" data-e-type=\"column\">\n\t\t\t<div class=\"elementor-widget-wrap\">\n\t\t\t\t\t\t\t<\/div>\n\t\t<\/div>\n\t\t\t\t\t<\/div>\n\t\t<\/section>\n\t\t\t\t<div class=\"elementor-section elementor-top-section elementor-element elementor-element-5da32dd elementor-section-boxed elementor-section-height-default elementor-section-height-default\" data-id=\"5da32dd\" data-element_type=\"section\" data-e-type=\"section\" data-settings=\"{&quot;animation&quot;:&quot;none&quot;}\">\n\t\t\t\t\t\t<div class=\"elementor-container elementor-column-gap-custom\">\n\t\t\t\t\t<div class=\"elementor-column elementor-col-100 elementor-top-column elementor-element elementor-element-c827122\" data-id=\"c827122\" data-element_type=\"column\" data-e-type=\"column\">\n\t\t\t<div class=\"elementor-widget-wrap elementor-element-populated\">\n\t\t\t\t\t\t<div class=\"elementor-section elementor-inner-section elementor-element elementor-element-60f06f1 elementor-section-boxed elementor-section-height-default elementor-section-height-default\" data-id=\"60f06f1\" data-element_type=\"section\" data-e-type=\"section\">\n\t\t\t\t\t\t<div class=\"elementor-container elementor-column-gap-default\">\n\t\t\t\t\t<div class=\"elementor-column elementor-col-100 elementor-inner-column elementor-element elementor-element-9499fe8\" data-id=\"9499fe8\" data-element_type=\"column\" data-e-type=\"column\">\n\t\t\t<div class=\"elementor-widget-wrap elementor-element-populated\">\n\t\t\t\t\t\t<div class=\"elementor-element elementor-element-6b848d3 elementor-widget-divider--view-line elementor-widget elementor-widget-divider\" data-id=\"6b848d3\" data-element_type=\"widget\" data-e-type=\"widget\" data-widget_type=\"divider.default\">\n\t\t\t\t<div class=\"elementor-widget-container\">\n\t\t\t\t\t\t\t<div class=\"elementor-divider\">\n\t\t\t<span class=\"elementor-divider-separator\">\n\t\t\t\t\t\t<\/span>\n\t\t<\/div>\n\t\t\t\t\t\t<\/div>\n\t\t\t\t<\/div>\n\t\t\t\t\t<\/div>\n\t\t<\/div>\n\t\t\t\t\t<\/div>\n\t\t<\/div>\n\t\t\t\t<div class=\"elementor-section elementor-inner-section elementor-element elementor-element-7ec0ee9 elementor-section-boxed elementor-section-height-default elementor-section-height-default\" data-id=\"7ec0ee9\" data-element_type=\"section\" data-e-type=\"section\" data-settings=\"{&quot;background_background&quot;:&quot;classic&quot;,&quot;animation&quot;:&quot;none&quot;}\">\n\t\t\t\t\t\t<div class=\"elementor-container elementor-column-gap-default\">\n\t\t\t\t\t<div class=\"elementor-column elementor-col-33 elementor-inner-column elementor-element elementor-element-c0cc543\" data-id=\"c0cc543\" data-element_type=\"column\" data-e-type=\"column\">\n\t\t\t<div class=\"elementor-widget-wrap elementor-element-populated\">\n\t\t\t\t\t\t<div class=\"elementor-element elementor-element-d47798d elementor-widget elementor-widget-heading\" data-id=\"d47798d\" data-element_type=\"widget\" data-e-type=\"widget\" data-widget_type=\"heading.default\">\n\t\t\t\t<div class=\"elementor-widget-container\">\n\t\t\t\t\t<h6 class=\"elementor-heading-title elementor-size-default\">DO YOU NEED HELP?<\/h6>\t\t\t\t<\/div>\n\t\t\t\t<\/div>\n\t\t\t\t<div class=\"elementor-element elementor-element-5f75a09 elementor-widget elementor-widget-heading\" data-id=\"5f75a09\" data-element_type=\"widget\" data-e-type=\"widget\" data-widget_type=\"heading.default\">\n\t\t\t\t<div class=\"elementor-widget-container\">\n\t\t\t\t\t<h3 class=\"elementor-heading-title elementor-size-default\">Request a Callback Today!<\/h3>\t\t\t\t<\/div>\n\t\t\t\t<\/div>\n\t\t\t\t<div class=\"elementor-element elementor-element-762fa7f elementor-widget elementor-widget-text-editor\" data-id=\"762fa7f\" data-element_type=\"widget\" data-e-type=\"widget\" data-widget_type=\"text-editor.default\">\n\t\t\t\t<div class=\"elementor-widget-container\">\n\t\t\t\t\t\t\t\t\t<p class=\"p1\">We will usually contact you within 24 hours of your request.<\/p>\t\t\t\t\t\t\t\t<\/div>\n\t\t\t\t<\/div>\n\t\t\t\t<div class=\"elementor-element elementor-element-09e52c4 elementor-widget elementor-widget-namedical_basic_contact\" data-id=\"09e52c4\" data-element_type=\"widget\" data-e-type=\"widget\" data-settings=\"{&quot;contact_icon&quot;:&quot;fa fa-phone&quot;}\" data-widget_type=\"namedical_basic_contact.default\">\n\t\t\t\t<div class=\"elementor-widget-container\">\n\t\t\t\t\t<div class=\"namep-contact-item\"><div class=\"namep-icon\"><i class=\"fa fa-phone\"><\/i><\/div><div class=\"contact-info\"><ul><li> <a href=\"tel:905334607736\"  >The fastest way to get in touch is to call +90 533 460 77 36.<\/a><\/li><\/ul><\/div><\/div>\t\t\t\t<\/div>\n\t\t\t\t<\/div>\n\t\t\t\t\t<\/div>\n\t\t<\/div>\n\t\t\t\t<div class=\"elementor-column elementor-col-33 elementor-inner-column elementor-element elementor-element-ccff636\" data-id=\"ccff636\" data-element_type=\"column\" data-e-type=\"column\">\n\t\t\t<div class=\"elementor-widget-wrap\">\n\t\t\t\t\t\t\t<\/div>\n\t\t<\/div>\n\t\t\t\t<div class=\"elementor-column elementor-col-33 elementor-inner-column elementor-element elementor-element-4b514f1\" data-id=\"4b514f1\" data-element_type=\"column\" data-e-type=\"column\">\n\t\t\t<div class=\"elementor-widget-wrap elementor-element-populated\">\n\t\t\t\t\t\t<div class=\"elementor-element elementor-element-95d71c2 elementor-widget elementor-widget-shortcode\" data-id=\"95d71c2\" data-element_type=\"widget\" data-e-type=\"widget\" data-widget_type=\"shortcode.default\">\n\t\t\t\t<div class=\"elementor-widget-container\">\n\t\t\t\t\t\t\t<div class=\"elementor-shortcode\">\n<div class=\"wpcf7 no-js\" id=\"wpcf7-f701-o1\" lang=\"en-US\" dir=\"ltr\" data-wpcf7-id=\"701\">\n<div class=\"screen-reader-response\"><p role=\"status\" aria-live=\"polite\" aria-atomic=\"true\"><\/p> <ul><\/ul><\/div>\n<form action=\"\/en\/wp-json\/wp\/v2\/pages\/2089#wpcf7-f701-o1\" method=\"post\" class=\"wpcf7-form init\" aria-label=\"Contact form\" novalidate=\"novalidate\" data-status=\"init\" data-trp-original-action=\"\/en\/wp-json\/wp\/v2\/pages\/2089#wpcf7-f701-o1\">\n<fieldset class=\"hidden-fields-container\"><input type=\"hidden\" name=\"_wpcf7\" value=\"701\" \/><input type=\"hidden\" name=\"_wpcf7_version\" value=\"6.1.5\" \/><input type=\"hidden\" name=\"_wpcf7_locale\" value=\"en_US\" \/><input type=\"hidden\" name=\"_wpcf7_unit_tag\" value=\"wpcf7-f701-o1\" \/><input type=\"hidden\" name=\"_wpcf7_container_post\" value=\"0\" \/><input type=\"hidden\" name=\"_wpcf7_posted_data_hash\" value=\"\" \/>\n<\/fieldset>\n<div class=\"rqform\">\n\t<p class=\"form-row\"><span class=\"wpcf7-form-control-wrap\" data-name=\"text-588\"><input size=\"40\" maxlength=\"400\" class=\"wpcf7-form-control wpcf7-text wpcf7-validates-as-required\" aria-required=\"true\" aria-invalid=\"false\" placeholder=\"Name Surname *\" value=\"\" type=\"text\" name=\"text-588\" \/><\/span>\n\t<\/p>\n\t<p class=\"form-row\"><span class=\"wpcf7-form-control-wrap\" data-name=\"tel-706\"><input size=\"40\" maxlength=\"400\" class=\"wpcf7-form-control wpcf7-tel wpcf7-validates-as-required wpcf7-text wpcf7-validates-as-tel\" aria-required=\"true\" aria-invalid=\"false\" placeholder=\"Phone *\" value=\"\" type=\"tel\" name=\"tel-706\" \/><\/span>\n\t<\/p>\n\t<p><input class=\"wpcf7-form-control wpcf7-submit has-spinner\" type=\"submit\" value=\"Send\" \/>\n\t<\/p>\n\t<p><span class=\"wpcf7-form-control-wrap\" data-name=\"acceptance-269\"><span class=\"wpcf7-form-control wpcf7-acceptance\"><span class=\"wpcf7-list-item\"><label><input type=\"checkbox\" name=\"acceptance-269\" value=\"1\" checked=\"checked\" aria-invalid=\"false\" \/><span class=\"wpcf7-list-item-label\">I have read and accept the Privacy Policy.<\/span><\/label><\/span><\/span><\/span>\n\t<\/p>\n<\/div><div class=\"wpcf7-response-output\" aria-hidden=\"true\"><\/div>\n<input type=\"hidden\" name=\"trp-form-language\" value=\"en\"\/><\/form>\n<\/div>\n<\/div>\n\t\t\t\t\t\t<\/div>\n\t\t\t\t<\/div>\n\t\t\t\t\t<\/div>\n\t\t<\/div>\n\t\t\t\t\t<\/div>\n\t\t<\/div>\n\t\t\t\t\t<\/div>\n\t\t<\/div>\n\t\t\t\t\t<\/div>\n\t\t<\/div>\n\t\t\t\t<\/div>","protected":false},"excerpt":{"rendered":"<p>Bekleme Odas\u0131na Tak\u0131lmay\u0131n! Gelmeden \u00d6nce Online Kay\u0131t Olun. G\u00fcncel programlar\u0131m\u0131z, ileti\u015fim bilgilerimiz var ve \u00e7evrimi\u00e7i randevu alman\u0131za olanak sa\u011fl\u0131yoruz. Randevu Al\u0131nWhatsapp ile dan\u0131\u015f\u0131n Jinekomasti Jinekomasti Nedir? Jinekomasti, erkeklerde meme dokusunun b\u00fcy\u00fcmesidir. Bu durum genellikle erkeklerin ergenlik d\u00f6neminde ba\u015flar ve genellikle kendili\u011finden ge\u00e7er. Ancak baz\u0131 durumlarda, jinekomasti yeti\u015fkin erkeklerde de g\u00f6r\u00fclebilir. Jinekomasti, genellikle hormon de\u011fi\u015fiklikleri veya&#8230;<\/p>","protected":false},"author":1,"featured_media":1738,"parent":2011,"menu_order":0,"comment_status":"closed","ping_status":"closed","template":"tmpl\/template-fullwidth.php","meta":{"_acf_changed":false,"inline_featured_image":false,"footnotes":""},"class_list":["post-2089","page","type-page","status-publish","has-post-thumbnail","hentry"],"acf":[],"_links":{"self":[{"href":"https:\/\/ilkeryazici.com\/en\/wp-json\/wp\/v2\/pages\/2089","targetHints":{"allow":["GET"]}}],"collection":[{"href":"https:\/\/ilkeryazici.com\/en\/wp-json\/wp\/v2\/pages"}],"about":[{"href":"https:\/\/ilkeryazici.com\/en\/wp-json\/wp\/v2\/types\/page"}],"author":[{"embeddable":true,"href":"https:\/\/ilkeryazici.com\/en\/wp-json\/wp\/v2\/users\/1"}],"replies":[{"embeddable":true,"href":"https:\/\/ilkeryazici.com\/en\/wp-json\/wp\/v2\/comments?post=2089"}],"version-history":[{"count":15,"href":"https:\/\/ilkeryazici.com\/en\/wp-json\/wp\/v2\/pages\/2089\/revisions"}],"predecessor-version":[{"id":2835,"href":"https:\/\/ilkeryazici.com\/en\/wp-json\/wp\/v2\/pages\/2089\/revisions\/2835"}],"up":[{"embeddable":true,"href":"https:\/\/ilkeryazici.com\/en\/wp-json\/wp\/v2\/pages\/2011"}],"wp:featuredmedia":[{"embeddable":true,"href":"https:\/\/ilkeryazici.com\/en\/wp-json\/wp\/v2\/media\/1738"}],"wp:attachment":[{"href":"https:\/\/ilkeryazici.com\/en\/wp-json\/wp\/v2\/media?parent=2089"}],"curies":[{"name":"wp","href":"https:\/\/api.w.org\/{rel}","templated":true}]}}