{"id":2083,"date":"2024-05-30T13:42:16","date_gmt":"2024-05-30T13:42:16","guid":{"rendered":"https:\/\/ilkeryazici.com\/?page_id=2083"},"modified":"2025-06-27T14:57:40","modified_gmt":"2025-06-27T11:57:40","slug":"meme-buyutme","status":"publish","type":"page","link":"https:\/\/ilkeryazici.com\/en\/meme-estetigi\/meme-buyutme\/","title":{"rendered":"Breast Augmentation"},"content":{"rendered":"<div data-elementor-type=\"wp-page\" data-elementor-id=\"2083\" class=\"elementor elementor-2083\">\n\t\t\t\t\t\t<div class=\"elementor-section elementor-top-section elementor-element elementor-element-6ad0452 elementor-section-boxed elementor-section-height-default elementor-section-height-default\" data-id=\"6ad0452\" data-element_type=\"section\" data-e-type=\"section\">\n\t\t\t\t\t\t<div class=\"elementor-container elementor-column-gap-custom\">\n\t\t\t\t\t<div class=\"elementor-column elementor-col-100 elementor-top-column elementor-element elementor-element-c4a93d2\" data-id=\"c4a93d2\" data-element_type=\"column\" data-e-type=\"column\">\n\t\t\t<div class=\"elementor-widget-wrap elementor-element-populated\">\n\t\t\t\t\t\t<section class=\"elementor-section elementor-inner-section elementor-element elementor-element-06069d5 elementor-section-boxed elementor-section-height-default elementor-section-height-default\" data-id=\"06069d5\" data-element_type=\"section\" data-e-type=\"section\">\n\t\t\t\t\t\t<div class=\"elementor-container elementor-column-gap-default\">\n\t\t\t\t\t<div class=\"elementor-column elementor-col-50 elementor-inner-column elementor-element elementor-element-6020ab4\" data-id=\"6020ab4\" data-element_type=\"column\" data-e-type=\"column\">\n\t\t\t<div class=\"elementor-widget-wrap elementor-element-populated\">\n\t\t\t\t\t\t<div class=\"elementor-element elementor-element-1c6cd5a elementor-widget elementor-widget-image\" data-id=\"1c6cd5a\" data-element_type=\"widget\" data-e-type=\"widget\" data-widget_type=\"image.default\">\n\t\t\t\t<div class=\"elementor-widget-container\">\n\t\t\t\t\t\t\t\t\t\t\t\t\t\t\t<img fetchpriority=\"high\" decoding=\"async\" width=\"900\" height=\"600\" src=\"https:\/\/ilkeryazici.com\/wp-content\/uploads\/2024\/08\/meme-buyultme-yaptiran-kadin.jpg\" class=\"attachment-large size-large wp-image-2514\" alt=\"\" srcset=\"https:\/\/ilkeryazici.com\/wp-content\/uploads\/2024\/08\/meme-buyultme-yaptiran-kadin.jpg 1000w, https:\/\/ilkeryazici.com\/wp-content\/uploads\/2024\/08\/meme-buyultme-yaptiran-kadin-300x200.jpg 300w, https:\/\/ilkeryazici.com\/wp-content\/uploads\/2024\/08\/meme-buyultme-yaptiran-kadin-768x512.jpg 768w\" sizes=\"(max-width: 900px) 100vw, 900px\" \/>\t\t\t\t\t\t\t\t\t\t\t\t\t\t\t<\/div>\n\t\t\t\t<\/div>\n\t\t\t\t\t<\/div>\n\t\t<\/div>\n\t\t\t\t<div class=\"elementor-column elementor-col-50 elementor-inner-column elementor-element elementor-element-9b460ff\" data-id=\"9b460ff\" data-element_type=\"column\" data-e-type=\"column\">\n\t\t\t<div class=\"elementor-widget-wrap elementor-element-populated\">\n\t\t\t\t\t\t<div class=\"elementor-element elementor-element-1a32e5c elementor-widget elementor-widget-namedical_basic_get_apps\" data-id=\"1a32e5c\" data-element_type=\"widget\" data-e-type=\"widget\" data-widget_type=\"namedical_basic_get_apps.default\">\n\t\t\t\t<div class=\"elementor-widget-container\">\n\t\t\t\t\t<div class=\"namep-get-apps\">\n\t\t\t\t\t\t\t\t<h5>Don't Get Stuck in the Waiting Room!<\/h5><h3 class=\"apps-title\">Register Online Before Arriving.<\/h3><p>We have up-to-date schedules, contact information and allow you to make appointments online.<\/p><div class=\"namep-btn-wrap\"><a href=\"\/en\/randevu-alin\/\"   class=\"namep-btn\"style=\" \">Appointment<\/a><a href=\"https:\/\/wa.me\/905334607736\" class=\"namep-link\" style=\" \" target=\"_blank\" rel=\"noopener\">Consult via Whatsapp<\/a><\/div><\/div>\t\t\t\t<\/div>\n\t\t\t\t<\/div>\n\t\t\t\t\t<\/div>\n\t\t<\/div>\n\t\t\t\t\t<\/div>\n\t\t<\/section>\n\t\t\t\t\t<\/div>\n\t\t<\/div>\n\t\t\t\t\t<\/div>\n\t\t<\/div>\n\t\t\t\t<section class=\"elementor-section elementor-top-section elementor-element elementor-element-4a9d918 elementor-section-boxed elementor-section-height-default elementor-section-height-default\" data-id=\"4a9d918\" data-element_type=\"section\" data-e-type=\"section\">\n\t\t\t\t\t\t<div class=\"elementor-container elementor-column-gap-default\">\n\t\t\t\t\t<div class=\"elementor-column elementor-col-16 elementor-top-column elementor-element elementor-element-7c58763\" data-id=\"7c58763\" data-element_type=\"column\" data-e-type=\"column\">\n\t\t\t<div class=\"elementor-widget-wrap\">\n\t\t\t\t\t\t\t<\/div>\n\t\t<\/div>\n\t\t\t\t<div class=\"elementor-column elementor-col-66 elementor-top-column elementor-element elementor-element-164bf24\" data-id=\"164bf24\" data-element_type=\"column\" data-e-type=\"column\">\n\t\t\t<div class=\"elementor-widget-wrap elementor-element-populated\">\n\t\t\t\t\t\t<div class=\"elementor-element elementor-element-89657d1 elementor-widget elementor-widget-text-editor\" data-id=\"89657d1\" data-element_type=\"widget\" data-e-type=\"widget\" data-widget_type=\"text-editor.default\">\n\t\t\t\t<div class=\"elementor-widget-container\">\n\t\t\t\t\t\t\t\t\t<h1>Breast Augmentation<\/h1><p>In some cases, breast size may be smaller than desired. Because breasts are an important part of sexual identity and body image, they are often evaluated and treated for aesthetic reasons. Preferences regarding breast size and shape are influenced by cultural and racial factors, as well as personal expectations. For these reasons, there is debate regarding the ideal standards for breast size in relation to body shape.<\/p><p>However, it should be noted that underdeveloped breasts or breasts that are small according to cultural and racial norms are quite natural reasons for breast augmentation surgery. Small or absent breasts may rarely be associated with certain hormonal or congenital diseases. Breast augmentation surgeries can be performed using the patient's own tissue or external silicone breast implants. While serial fat injections and vacuum procedures are gradually gaining popularity, the use of silicone breast implants is the primary technique we widely and confidently recommend due to its reliable, fast, and predictable results.<\/p><h2>Does Breast Augmentation Surgery Prevent Breastfeeding?<\/h2><p>The prostheses used are placed behind the breast tissue. Therefore, the glands and ducts involved in milk production are not touched during surgery. For this reason, women who have had breast prostheses can breastfeed when they have children.<\/p><h2>Do Silicone Breast Implants Cause Cancer?<\/h2><p>Studies have not found an increase in breast cancer rates in patients with silicone breast implants. The low amount of breast tissue in people with breast implants may even cause breast cancer to occur at a very low rate. In recent years, a specific type of tumour has been identified in patients with silicone breast implants. The number of such cases exceeds 150. Considering the millions of people with breast implants, the incidence rate is negligible.<\/p><p>Research on this type of lymphoma (local lymph node tumour) is ongoing, and at present, statistically speaking, it does not pose a risk that would prevent patients who will be using breast implants from undergoing surgery. Based on research findings, the prevailing view regarding this tumour developing in the connective tissue capsule around the implant is that it may be caused by bacteria present in the implant's texture. Further research in this area will provide us with measures to address this low-risk situation.<\/p><h2>What Types of Implants Do We Use for Breast Augmentation? How Do We Decide?<\/h2><p>Breast implants consist of a silicone shell and a filling inside. The shell can be textured or smooth, and the filling can be saline or silicone gel. The most common choice is textured implants filled with gel. The risk of implants rupturing is very small and is due to technical errors or manufacturing defects. As doctors, we take precautions by using the correct surgical techniques and the most reliable brands.<\/p><p>Breast implants come in different shapes as well as structures; depending on the upper and lower diameters and side diameters, they can be anatomical or round. The height (projection-front-back length) is also an important variable. The sizes of implants with these structures and shapes are measured in ml, i.e. volume. We decide which implant to use for which patient based on variables such as chest measurements, shape, the shape of the sternum (pigeon chest, shoemaker's chest, etc.), arm thickness, height, and overall body weight.<\/p><h2>Where and how is a prosthesis placed?<\/h2><p>Breast implants can be placed under the muscle, above the muscle, or in a dual plane, which is a combination of above and under the muscle. We decide on the placement based on the patient's breast size and skin thickness. In addition, incisions made under the breast, around the nipple, and in the armpit can be used to place the implant. The most preferred and safest approach is under the breast.<\/p><p>The surgery is performed under general anaesthesia and patients usually stay overnight. A special bra is worn during the potentially painful post-operative period and medication is administered as needed for effective pain control.<\/p><h2>What are the risks?<\/h2><p>If we divide the risks that arise outside of general anaesthesia into immediate and delayed risks, we can say that:<\/p><p>Excessive bleeding on the night of surgery is called a haematoma. Although it is an unpleasant situation, we see it in about one in a hundred patients. Even if it does not last long, the patient is taken back into surgery at night to stop the bleeding. Infection may develop days after surgery. In this case, the prostheses may need to be temporarily removed.<\/p><p>Risks that may arise later include capsule formation and excessive hardening of the breast, and, in rare cases, leakage of the implant's contents into the tissue. In the event of capsule hardening, the capsule surrounding the implant may need to be loosened through surgery. In the event of leakage, the areas where the silicone has leaked are cleaned after diagnosis by MRI. Although these risks vary, they occur in approximately 10% of cases within the first five to ten years.<\/p>\t\t\t\t\t\t\t\t<\/div>\n\t\t\t\t<\/div>\n\t\t\t\t\t<\/div>\n\t\t<\/div>\n\t\t\t\t<div class=\"elementor-column elementor-col-16 elementor-top-column elementor-element elementor-element-90ec05f\" data-id=\"90ec05f\" data-element_type=\"column\" data-e-type=\"column\">\n\t\t\t<div class=\"elementor-widget-wrap\">\n\t\t\t\t\t\t\t<\/div>\n\t\t<\/div>\n\t\t\t\t\t<\/div>\n\t\t<\/section>\n\t\t\t\t<div class=\"elementor-section elementor-top-section elementor-element elementor-element-5da32dd elementor-section-boxed elementor-section-height-default elementor-section-height-default\" data-id=\"5da32dd\" data-element_type=\"section\" data-e-type=\"section\" data-settings=\"{&quot;animation&quot;:&quot;none&quot;}\">\n\t\t\t\t\t\t<div class=\"elementor-container elementor-column-gap-custom\">\n\t\t\t\t\t<div class=\"elementor-column elementor-col-100 elementor-top-column elementor-element elementor-element-c827122\" data-id=\"c827122\" data-element_type=\"column\" data-e-type=\"column\">\n\t\t\t<div class=\"elementor-widget-wrap elementor-element-populated\">\n\t\t\t\t\t\t<div class=\"elementor-section elementor-inner-section elementor-element elementor-element-60f06f1 elementor-section-boxed elementor-section-height-default elementor-section-height-default\" data-id=\"60f06f1\" data-element_type=\"section\" data-e-type=\"section\">\n\t\t\t\t\t\t<div class=\"elementor-container elementor-column-gap-default\">\n\t\t\t\t\t<div class=\"elementor-column elementor-col-100 elementor-inner-column elementor-element elementor-element-9499fe8\" data-id=\"9499fe8\" data-element_type=\"column\" data-e-type=\"column\">\n\t\t\t<div class=\"elementor-widget-wrap elementor-element-populated\">\n\t\t\t\t\t\t<div class=\"elementor-element elementor-element-6b848d3 elementor-widget-divider--view-line elementor-widget elementor-widget-divider\" data-id=\"6b848d3\" data-element_type=\"widget\" data-e-type=\"widget\" data-widget_type=\"divider.default\">\n\t\t\t\t<div class=\"elementor-widget-container\">\n\t\t\t\t\t\t\t<div class=\"elementor-divider\">\n\t\t\t<span class=\"elementor-divider-separator\">\n\t\t\t\t\t\t<\/span>\n\t\t<\/div>\n\t\t\t\t\t\t<\/div>\n\t\t\t\t<\/div>\n\t\t\t\t\t<\/div>\n\t\t<\/div>\n\t\t\t\t\t<\/div>\n\t\t<\/div>\n\t\t\t\t<div class=\"elementor-section elementor-inner-section elementor-element elementor-element-7ec0ee9 elementor-section-boxed elementor-section-height-default elementor-section-height-default\" data-id=\"7ec0ee9\" data-element_type=\"section\" data-e-type=\"section\" data-settings=\"{&quot;background_background&quot;:&quot;classic&quot;,&quot;animation&quot;:&quot;none&quot;}\">\n\t\t\t\t\t\t<div class=\"elementor-container elementor-column-gap-default\">\n\t\t\t\t\t<div class=\"elementor-column elementor-col-33 elementor-inner-column elementor-element elementor-element-c0cc543\" data-id=\"c0cc543\" data-element_type=\"column\" data-e-type=\"column\">\n\t\t\t<div class=\"elementor-widget-wrap elementor-element-populated\">\n\t\t\t\t\t\t<div class=\"elementor-element elementor-element-d47798d elementor-widget elementor-widget-heading\" data-id=\"d47798d\" data-element_type=\"widget\" data-e-type=\"widget\" data-widget_type=\"heading.default\">\n\t\t\t\t<div class=\"elementor-widget-container\">\n\t\t\t\t\t<h6 class=\"elementor-heading-title elementor-size-default\">DO YOU NEED HELP?<\/h6>\t\t\t\t<\/div>\n\t\t\t\t<\/div>\n\t\t\t\t<div class=\"elementor-element elementor-element-5f75a09 elementor-widget elementor-widget-heading\" data-id=\"5f75a09\" data-element_type=\"widget\" data-e-type=\"widget\" data-widget_type=\"heading.default\">\n\t\t\t\t<div class=\"elementor-widget-container\">\n\t\t\t\t\t<h3 class=\"elementor-heading-title elementor-size-default\">Request a Callback Today!<\/h3>\t\t\t\t<\/div>\n\t\t\t\t<\/div>\n\t\t\t\t<div class=\"elementor-element elementor-element-762fa7f elementor-widget elementor-widget-text-editor\" data-id=\"762fa7f\" data-element_type=\"widget\" data-e-type=\"widget\" data-widget_type=\"text-editor.default\">\n\t\t\t\t<div class=\"elementor-widget-container\">\n\t\t\t\t\t\t\t\t\t<p class=\"p1\">We will usually contact you within 24 hours of your request.<\/p>\t\t\t\t\t\t\t\t<\/div>\n\t\t\t\t<\/div>\n\t\t\t\t<div class=\"elementor-element elementor-element-09e52c4 elementor-widget elementor-widget-namedical_basic_contact\" data-id=\"09e52c4\" data-element_type=\"widget\" data-e-type=\"widget\" data-settings=\"{&quot;contact_icon&quot;:&quot;fa fa-phone&quot;}\" data-widget_type=\"namedical_basic_contact.default\">\n\t\t\t\t<div class=\"elementor-widget-container\">\n\t\t\t\t\t<div class=\"namep-contact-item\"><div class=\"namep-icon\"><i class=\"fa fa-phone\"><\/i><\/div><div class=\"contact-info\"><ul><li> <a href=\"tel:905334607736\"  >The fastest way to get in touch is to call +90 533 460 77 36.<\/a><\/li><\/ul><\/div><\/div>\t\t\t\t<\/div>\n\t\t\t\t<\/div>\n\t\t\t\t\t<\/div>\n\t\t<\/div>\n\t\t\t\t<div class=\"elementor-column elementor-col-33 elementor-inner-column elementor-element elementor-element-ccff636\" data-id=\"ccff636\" data-element_type=\"column\" data-e-type=\"column\">\n\t\t\t<div class=\"elementor-widget-wrap\">\n\t\t\t\t\t\t\t<\/div>\n\t\t<\/div>\n\t\t\t\t<div class=\"elementor-column elementor-col-33 elementor-inner-column elementor-element elementor-element-4b514f1\" data-id=\"4b514f1\" data-element_type=\"column\" data-e-type=\"column\">\n\t\t\t<div class=\"elementor-widget-wrap elementor-element-populated\">\n\t\t\t\t\t\t<div class=\"elementor-element elementor-element-95d71c2 elementor-widget elementor-widget-shortcode\" data-id=\"95d71c2\" data-element_type=\"widget\" data-e-type=\"widget\" data-widget_type=\"shortcode.default\">\n\t\t\t\t<div class=\"elementor-widget-container\">\n\t\t\t\t\t\t\t<div class=\"elementor-shortcode\">\n<div class=\"wpcf7 no-js\" id=\"wpcf7-f701-o1\" lang=\"en-US\" dir=\"ltr\" data-wpcf7-id=\"701\">\n<div class=\"screen-reader-response\"><p role=\"status\" aria-live=\"polite\" aria-atomic=\"true\"><\/p> <ul><\/ul><\/div>\n<form action=\"\/en\/wp-json\/wp\/v2\/pages\/2083#wpcf7-f701-o1\" method=\"post\" class=\"wpcf7-form init\" aria-label=\"Contact form\" novalidate=\"novalidate\" data-status=\"init\" data-trp-original-action=\"\/en\/wp-json\/wp\/v2\/pages\/2083#wpcf7-f701-o1\">\n<fieldset class=\"hidden-fields-container\"><input type=\"hidden\" name=\"_wpcf7\" value=\"701\" \/><input type=\"hidden\" name=\"_wpcf7_version\" value=\"6.1.5\" \/><input type=\"hidden\" name=\"_wpcf7_locale\" value=\"en_US\" \/><input type=\"hidden\" name=\"_wpcf7_unit_tag\" value=\"wpcf7-f701-o1\" \/><input type=\"hidden\" name=\"_wpcf7_container_post\" value=\"0\" \/><input type=\"hidden\" name=\"_wpcf7_posted_data_hash\" value=\"\" \/>\n<\/fieldset>\n<div class=\"rqform\">\n\t<p class=\"form-row\"><span class=\"wpcf7-form-control-wrap\" data-name=\"text-588\"><input size=\"40\" maxlength=\"400\" class=\"wpcf7-form-control wpcf7-text wpcf7-validates-as-required\" aria-required=\"true\" aria-invalid=\"false\" placeholder=\"Name Surname *\" value=\"\" type=\"text\" name=\"text-588\" \/><\/span>\n\t<\/p>\n\t<p class=\"form-row\"><span class=\"wpcf7-form-control-wrap\" data-name=\"tel-706\"><input size=\"40\" maxlength=\"400\" class=\"wpcf7-form-control wpcf7-tel wpcf7-validates-as-required wpcf7-text wpcf7-validates-as-tel\" aria-required=\"true\" aria-invalid=\"false\" placeholder=\"Phone *\" value=\"\" type=\"tel\" name=\"tel-706\" \/><\/span>\n\t<\/p>\n\t<p><input class=\"wpcf7-form-control wpcf7-submit has-spinner\" type=\"submit\" value=\"Send\" \/>\n\t<\/p>\n\t<p><span class=\"wpcf7-form-control-wrap\" data-name=\"acceptance-269\"><span class=\"wpcf7-form-control wpcf7-acceptance\"><span class=\"wpcf7-list-item\"><label><input type=\"checkbox\" name=\"acceptance-269\" value=\"1\" checked=\"checked\" aria-invalid=\"false\" \/><span class=\"wpcf7-list-item-label\">I have read and accept the Privacy Policy.<\/span><\/label><\/span><\/span><\/span>\n\t<\/p>\n<\/div><div class=\"wpcf7-response-output\" aria-hidden=\"true\"><\/div>\n<input type=\"hidden\" name=\"trp-form-language\" value=\"en\"\/><\/form>\n<\/div>\n<\/div>\n\t\t\t\t\t\t<\/div>\n\t\t\t\t<\/div>\n\t\t\t\t\t<\/div>\n\t\t<\/div>\n\t\t\t\t\t<\/div>\n\t\t<\/div>\n\t\t\t\t\t<\/div>\n\t\t<\/div>\n\t\t\t\t\t<\/div>\n\t\t<\/div>\n\t\t\t\t<\/div>","protected":false},"excerpt":{"rendered":"<p>Bekleme Odas\u0131na Tak\u0131lmay\u0131n! Gelmeden \u00d6nce Online Kay\u0131t Olun. G\u00fcncel programlar\u0131m\u0131z, ileti\u015fim bilgilerimiz var ve \u00e7evrimi\u00e7i randevu alman\u0131za olanak sa\u011fl\u0131yoruz. Randevu Al\u0131nWhatsapp ile dan\u0131\u015f\u0131n Meme B\u00fcy\u00fctme Meme b\u00fcy\u00fckl\u00fc\u011f\u00fc baz\u0131 durumlarda ki\u015finin istedi\u011fi boyutlar\u0131n alt\u0131nda olabilir. Cinsel kimli\u011fin \u00f6nemli bir par\u00e7as\u0131 olmas\u0131 ve memenin beden imgesi i\u00e7in \u00f6nemli bir k\u0131s\u0131m olmas\u0131 nedeniyle olduk\u00e7a fazla estetik olarak de\u011ferlendirilir&#8230;<\/p>","protected":false},"author":1,"featured_media":1738,"parent":2011,"menu_order":0,"comment_status":"closed","ping_status":"closed","template":"tmpl\/template-fullwidth.php","meta":{"_acf_changed":false,"inline_featured_image":false,"footnotes":""},"class_list":["post-2083","page","type-page","status-publish","has-post-thumbnail","hentry"],"acf":[],"_links":{"self":[{"href":"https:\/\/ilkeryazici.com\/en\/wp-json\/wp\/v2\/pages\/2083","targetHints":{"allow":["GET"]}}],"collection":[{"href":"https:\/\/ilkeryazici.com\/en\/wp-json\/wp\/v2\/pages"}],"about":[{"href":"https:\/\/ilkeryazici.com\/en\/wp-json\/wp\/v2\/types\/page"}],"author":[{"embeddable":true,"href":"https:\/\/ilkeryazici.com\/en\/wp-json\/wp\/v2\/users\/1"}],"replies":[{"embeddable":true,"href":"https:\/\/ilkeryazici.com\/en\/wp-json\/wp\/v2\/comments?post=2083"}],"version-history":[{"count":12,"href":"https:\/\/ilkeryazici.com\/en\/wp-json\/wp\/v2\/pages\/2083\/revisions"}],"predecessor-version":[{"id":2838,"href":"https:\/\/ilkeryazici.com\/en\/wp-json\/wp\/v2\/pages\/2083\/revisions\/2838"}],"up":[{"embeddable":true,"href":"https:\/\/ilkeryazici.com\/en\/wp-json\/wp\/v2\/pages\/2011"}],"wp:featuredmedia":[{"embeddable":true,"href":"https:\/\/ilkeryazici.com\/en\/wp-json\/wp\/v2\/media\/1738"}],"wp:attachment":[{"href":"https:\/\/ilkeryazici.com\/en\/wp-json\/wp\/v2\/media?parent=2083"}],"curies":[{"name":"wp","href":"https:\/\/api.w.org\/{rel}","templated":true}]}}