{"id":1948,"date":"2024-05-31T09:41:47","date_gmt":"2024-05-31T09:41:47","guid":{"rendered":"https:\/\/cli.21lab.co\/?page_id=3"},"modified":"2024-05-31T16:22:15","modified_gmt":"2024-05-31T16:22:15","slug":"cerez-politikasi","status":"publish","type":"page","link":"https:\/\/ilkeryazici.com\/en\/cerez-politikasi\/","title":{"rendered":"Cookie Policy"},"content":{"rendered":"<div class=\"content-header content-header-left\">\n<div class=\"content-header-inner wrap\">\n<div class=\"page-title-wrap\">\n<div class=\"page-title\">\n<h1 class=\"page-title-inner\"><strong style=\"font-size: 16px;\">Cookie Policy<\/strong><\/h1>\n<\/div>\n<\/div>\n<\/div>\n<\/div>\n<div id=\"content-body\" class=\"content-body\">\n<div class=\"content-body-inner wrap\">\n<div class=\"content\" role=\"main\">\n<p>Sizleri web sitemizde kullan\u0131lan \u00e7erez t\u00fcrleri, \u00e7erezlerin kullan\u0131m ama\u00e7lar\u0131 ve bu \u00e7erezlerin ayarlar\u0131, y\u00f6netilmesi ve silinmesi hakk\u0131nda bilgilendirmek isteriz.<\/p>\n<p>Web sitemizi \u015fahsi herhangi bir bilgi vermeden ziyaret edebilir, \u00fcr\u00fcnlerimiz ve servislerimiz hakk\u0131nda bilgi alarak ihtiya\u00e7lar\u0131n\u0131z\u0131 kar\u015f\u0131layabilirsiniz. Ziyaretlerde site kullan\u0131m\u0131na ili\u015fkin bilgi toplamak i\u00e7in baz\u0131 \u00e7erezler kullan\u0131lmaktad\u0131r. Buradaki amac\u0131m\u0131z; web sitemizi ziyaret eden kullan\u0131c\u0131ya kolayl\u0131k sa\u011flamak ve i\u015fleyi\u015fi daha iyiye ta\u015f\u0131yabilmektir.<\/p>\n<p><strong>\u00c7erez Nedir?<\/strong><\/p>\n<p>\u00c7erez, bir siteyi ziyaret etti\u011finizde taray\u0131c\u0131n\u0131z arac\u0131l\u0131\u011f\u0131yla bilgisayar\u0131n\u0131za veya mobil cihaz\u0131n\u0131za kaydedilen k\u00fc\u00e7\u00fck boyutlu bir metin dosyas\u0131d\u0131r. \u00c7erezler bir sitenin daha verimli \u00e7al\u0131\u015fmas\u0131n\u0131n yan\u0131 s\u0131ra ki\u015fisel ihtiya\u00e7lar\u0131n\u0131za daha uygun ve h\u0131zl\u0131 bir ziyaret deneyimi ya\u015fatmak i\u00e7in ki\u015fiselle\u015ftirilmi\u015f sayfalar\u0131n sunulabilmesine olanak vermektedir. \u00c7erezler sadece internet ortam\u0131ndaki ziyaret ge\u00e7mi\u015finize dair bilgiler i\u00e7ermekte olup, bilgisayar\u0131n\u0131zda veya mobil cihaz\u0131n\u0131zda depolanm\u0131\u015f dosyalara dair herhangi bir bilgi toplamamaktad\u0131r.<\/p>\n<p><strong>\u00c7erez T\u00fcrleri ve Kullan\u0131m Ama\u00e7lar\u0131<\/strong><\/p>\n<p>Ge\u00e7erlilik s\u00fcrelerine g\u00f6re Kal\u0131c\u0131 \u00c7erez ve Ge\u00e7ici \u00c7erez olarak iki \u00e7erez tipi bulunmaktad\u0131r. Ge\u00e7ici \u00e7erezler internet sitesini ziyaret etti\u011finiz esnada olu\u015fur ve sadece taray\u0131c\u0131n\u0131z\u0131 kapat\u0131ncaya kadar ge\u00e7erlidir. Kal\u0131c\u0131 \u00e7erezler ise internet sitesini ziyaret etti\u011finizde olu\u015fur ve siz silinceye veya s\u00fcreleri doluncaya kadar kal\u0131r. Ayarlar\u0131n\u0131z ile uyumlu ki\u015fiselle\u015ftirilmi\u015f bir deneyim sunma gibi i\u015flemler i\u00e7in kal\u0131c\u0131 \u00e7erezler kullan\u0131l\u0131r.<\/p>\n<p><strong>\u00c7erez t\u00fcrleri ve kullan\u0131m ama\u00e7lar\u0131 a\u015fa\u011f\u0131da a\u00e7\u0131klanmaktad\u0131r.<\/strong><\/p>\n<p>Zorunlu \u00c7erezler Web sitemizin do\u011fru bi\u00e7imde \u00e7al\u0131\u015fmas\u0131 i\u00e7in zorunludur. \u00d6rne\u011fin, kimlik do\u011frulama, mevcut oturumunuz ile ilgili bilgilerin kaybolmamas\u0131 gibi ama\u00e7larla zorunlu \u00e7erezler kullan\u0131lmaktad\u0131r. Bu \u00e7erezler g\u00fcvenlik ve do\u011frulama gibi ama\u00e7lar i\u00e7in kullan\u0131lmakta olup, herhangi bir pazarlama amac\u0131 do\u011frultusunda kullan\u0131lmaz.<\/p>\n<p>\u0130\u015flevsellik \u0130\u00e7in Gerekli Olan \u00c7erezler Web sitemizi ziyaret eden kullan\u0131c\u0131lar\u0131n tercihlerini hat\u0131rlamas\u0131na olanak sa\u011flayan \u00e7erezlerdir. \u00d6rne\u011fin ziyaret\u00e7inin dil tercihi veya metin font boyu se\u00e7iminin hat\u0131rlanmas\u0131n\u0131 sa\u011flar. Bu t\u00fcr \u00e7erezlerin kullan\u0131m\u0131na izin verilmemesi size \u00f6zel bir \u00f6zelli\u011fin kullan\u0131lmamas\u0131na neden olabilir ve tercihlerinizi hat\u0131rlamas\u0131n\u0131 engeller.<br \/>\nPerformans ve Analiz \u0130\u00e7in Gerekli Olan \u00c7erezler Web sitemizin geli\u015ftirilmesine yard\u0131mc\u0131 olan \u00e7erezlerdir. Bu t\u00fcr \u00e7erezler, ziyaret\u00e7ilerin site kullan\u0131mlar\u0131 hakk\u0131nda bilgiler toplar, sitenin gerekti\u011fi gibi \u00e7al\u0131\u015f\u0131p \u00e7al\u0131\u015fmad\u0131\u011f\u0131n\u0131n denetiminde ve al\u0131nan hatalar\u0131n tespitinde kullan\u0131l\u0131r.<br \/>\nHedefleme ve Reklam \u00c7erezleri Bu \u00e7erezler web sitemizde veya sitemiz haricindeki mecralarda \u00fcr\u00fcn ve hizmet tan\u0131t\u0131m\u0131n\u0131 yapmak, i\u015f birli\u011fi yapt\u0131\u011f\u0131m\u0131z ortaklar\u0131m\u0131zla birlikte size ilgili ve ki\u015fiselle\u015ftirilmi\u015f reklamlar g\u00f6stermek, reklam kampanyalar\u0131n\u0131n etkinli\u011fini \u00f6l\u00e7mek i\u00e7in kullan\u0131l\u0131r.<\/p>\n<p><strong>\u00c7erezler Nas\u0131l Toplan\u0131r?<\/strong><\/p>\n<p>Veriler taray\u0131c\u0131lara eri\u015fti\u011finiz cihazlar\u0131n\u0131z arac\u0131l\u0131\u011f\u0131yla toplan\u0131r. Toplanan bu bilgiler cihazlara \u00f6zeldir. \u0130stenildi\u011fi zaman kullan\u0131c\u0131 taraf\u0131ndan silinebilmekte ve bilgilere eri\u015fim kapat\u0131labilmektedir.<\/p>\n<p><strong>Gizlilik Politikam\u0131z<\/strong><\/p>\n<p>Gizlili\u011finiz bizim i\u00e7in \u00f6nemlidir, gizlilik ve g\u00fcvenlik haklar\u0131n\u0131z temel prensibimizdir.<\/p>\n<p>Bu kapsamda, ki\u015fisel verilerin korunmas\u0131na dair ayd\u0131nlatma metnimize buradan ula\u015fabilirsiniz.<\/p>\n<p>\u00c7erezleri nas\u0131l kontrol edebilirsiniz?<\/p>\n<p>Bilgisayar\u0131n\u0131zda halihaz\u0131rda bulunan \u00e7erezleri silebilir ve internet gezgininize \u00e7erez kaydedilmesini\/yerle\u015ftirilmesini engelleyebilirsiniz.<\/p>\n<p>\u0130nternet taray\u0131c\u0131lar\u0131 \u00e7erezleri otomatik olarak kabul edecek \u015fekilde \u00f6n tan\u0131ml\u0131d\u0131r. \u00c7erezleri y\u00f6netmek taray\u0131c\u0131dan taray\u0131c\u0131ya farkl\u0131l\u0131k g\u00f6sterdi\u011finden ayr\u0131nt\u0131l\u0131 bilgi almak i\u00e7in taray\u0131c\u0131n\u0131n veya uygulaman\u0131n yard\u0131m men\u00fcs\u00fcne bakabilirsiniz.<\/p>\n<p>\u00d6rnek olarak,\u00a0<strong>\u201cGoogle Chrome -&gt; Ayarlar -&gt; Geli\u015fmi\u015f -&gt; Gizlilik ve G\u00fcvenlik -&gt; Site Ayarlar\u0131 -&gt; \u00c7erezler ve Site Verileri -&gt; Sitelerin \u00e7erez verilerini kaydetmelerine ve okumalar\u0131na izin ver\u201d<\/strong>\u00a0se\u00e7ene\u011fi ile y\u00f6netebilirsiniz.<\/p>\n<p><strong>\u201cInternet Explorer -&gt; Ayarlar -&gt; \u0130nternet Se\u00e7enekleri -&gt; Gizlilik -&gt; Geli\u015fmi\u015f ayarlar\u201d<\/strong>\u00a0men\u00fcs\u00fcnden y\u00f6netebilirsiniz.<\/p>\n<p>\u00c7o\u011fu Internet gezgini a\u015fa\u011f\u0131dakileri yapman\u0131za olanak tan\u0131r:<\/p>\n<p>Kaydedilmi\u015f \u00e7erezleri g\u00f6r\u00fcnt\u00fcleme ve dilediklerinizi silme<br \/>\n\u00dc\u00e7\u00fcnc\u00fc taraf \u00e7erezleri engelleme<br \/>\nBelli sitelerden \u00e7erezleri engelleme<br \/>\nT\u00fcm \u00e7erezleri engelleme<br \/>\nInternet gezginini kapatt\u0131\u011f\u0131n\u0131zda t\u00fcm \u00e7erezleri silme<br \/>\n\u00c7erezleri silmeyi tercih ederseniz ilgili web sitesindeki tercihleriniz silinecektir. Ayr\u0131ca, \u00e7erezleri tamamen engellemeyi tercih ederseniz\u00a0<strong>Prof. Dr. \u0130lker Yaz\u0131c\u0131<\/strong>\u2019ya ait web siteleri dahil olmak \u00fczere bir\u00e7ok web sitesi ve dijital platform d\u00fczg\u00fcn \u00e7al\u0131\u015fmayabilir.<\/p>\n<p><strong>Mobil Cihaz\u0131n\u0131zda \u00c7erezleri Kontrol etmek i\u00e7in ;<\/strong><\/p>\n<p><strong>Apple Cihazlarda;<\/strong><\/p>\n<p>\u201cAyarlar -&gt; Safari -&gt; Ge\u00e7mi\u015fi ve Web Sitesi Verilerini Sil\u201d ad\u0131mlar\u0131 ile tarama ge\u00e7mi\u015finizi ve \u00e7erezleri temizleyebilirsiniz..<br \/>\n\u00c7erezleri silip ge\u00e7mi\u015finizi tutmak i\u00e7in \u201cAyarlar -&gt; Safari -&gt; \u0130leri D\u00fczey -&gt; Web Sitesi Verileri -&gt; T\u00fcm Web Sitesi Verilerini Sil\u201d ad\u0131mlar\u0131n\u0131 izleyebilirsiniz.<br \/>\nSiteleri ziyaret ederken ge\u00e7mi\u015f verilerinin tutulmas\u0131n\u0131 istemiyorsan\u0131z;<br \/>\n\u201cSafari -&gt;\u00a0<strong>Prof. Dr. \u0130lker Yaz\u0131c\u0131<\/strong>\u00a0simgesi -&gt; \u00d6zel -&gt; Bitti\u201d ad\u0131mlar\u0131n\u0131 izleyerek \u00f6zel dola\u015f\u0131m\u0131 aktif hale getirebilirsiniz.<br \/>\n\u201cAyarlar -&gt; Safari -&gt; T\u00fcm \u00c7erezleri Engelle\u201d ad\u0131mlar\u0131 ile \u00e7erezleri engelleyebilirsiniz. Ancak; \u00e7erezleri engelledi\u011finizde baz\u0131 web siteleri ve \u00f6zellikler d\u00fczg\u00fcn \u00e7al\u0131\u015fmayabilir.<\/p>\n<p><strong>Android Cihazlarda;<\/strong><\/p>\n<p>\u201cChrome uygulamas\u0131 -&gt; Ayarlar -&gt; Gizlilik -&gt; Tarama verilerini temizle -&gt; \u00c7erezler, medya lisanslar\u0131 ve site verileri -&gt; Verileri Temizle\u201d se\u00e7ene\u011fi ile \u00e7erezkerinizi temizleyebilirsiniz.<br \/>\n\u201cChrome Uygulamas\u0131 -&gt; Ayarlar -&gt; Site Ayarlar\u0131 -&gt; \u00c7erezler\u201d se\u00e7ene\u011fi ile \u00e7erezlere izin verebilir veya engelleyebilirsiniz.<\/p>\n<\/div>\n<p>&nbsp;<\/p>\n<\/div>\n<\/div>","protected":false},"excerpt":{"rendered":"<p>\u00c7erez Politikas\u0131 Sizleri web sitemizde kullan\u0131lan \u00e7erez t\u00fcrleri, \u00e7erezlerin kullan\u0131m ama\u00e7lar\u0131 ve bu \u00e7erezlerin ayarlar\u0131, y\u00f6netilmesi ve silinmesi hakk\u0131nda bilgilendirmek isteriz. Web sitemizi \u015fahsi herhangi bir bilgi vermeden ziyaret edebilir, \u00fcr\u00fcnlerimiz ve servislerimiz hakk\u0131nda bilgi alarak ihtiya\u00e7lar\u0131n\u0131z\u0131 kar\u015f\u0131layabilirsiniz. Ziyaretlerde site kullan\u0131m\u0131na ili\u015fkin bilgi toplamak i\u00e7in baz\u0131 \u00e7erezler kullan\u0131lmaktad\u0131r. Buradaki amac\u0131m\u0131z; web sitemizi ziyaret eden kullan\u0131c\u0131ya&#8230;<\/p>","protected":false},"author":1,"featured_media":0,"parent":0,"menu_order":0,"comment_status":"closed","ping_status":"closed","template":"","meta":{"_acf_changed":false,"inline_featured_image":false,"footnotes":""},"class_list":["post-1948","page","type-page","status-publish","hentry"],"acf":[],"_links":{"self":[{"href":"https:\/\/ilkeryazici.com\/en\/wp-json\/wp\/v2\/pages\/1948","targetHints":{"allow":["GET"]}}],"collection":[{"href":"https:\/\/ilkeryazici.com\/en\/wp-json\/wp\/v2\/pages"}],"about":[{"href":"https:\/\/ilkeryazici.com\/en\/wp-json\/wp\/v2\/types\/page"}],"author":[{"embeddable":true,"href":"https:\/\/ilkeryazici.com\/en\/wp-json\/wp\/v2\/users\/1"}],"replies":[{"embeddable":true,"href":"https:\/\/ilkeryazici.com\/en\/wp-json\/wp\/v2\/comments?post=1948"}],"version-history":[{"count":3,"href":"https:\/\/ilkeryazici.com\/en\/wp-json\/wp\/v2\/pages\/1948\/revisions"}],"predecessor-version":[{"id":2430,"href":"https:\/\/ilkeryazici.com\/en\/wp-json\/wp\/v2\/pages\/1948\/revisions\/2430"}],"wp:attachment":[{"href":"https:\/\/ilkeryazici.com\/en\/wp-json\/wp\/v2\/media?parent=1948"}],"curies":[{"name":"wp","href":"https:\/\/api.w.org\/{rel}","templated":true}]}}